{"id":196,"date":"2016-03-10T14:12:12","date_gmt":"2016-03-10T13:12:12","guid":{"rendered":"http:\/\/nemery.creaweb.fr\/?page_id=196"},"modified":"2016-12-16T18:18:07","modified_gmt":"2016-12-16T17:18:07","slug":"conditions-generales-de-ventes","status":"publish","type":"page","link":"https:\/\/nemery.fr\/fr\/account\/conditions-generales-de-ventes\/","title":{"rendered":"Conditions g\u00e9n\u00e9rales de ventes"},"content":{"rendered":"<p>[et_pb_section admin_label=\u00a0\u00bbsection\u00a0\u00bb][et_pb_row admin_label=\u00a0\u00bbrow\u00a0\u00bb][et_pb_column type=\u00a0\u00bb4_4&Prime;][et_pb_text admin_label=\u00a0\u00bbTitre\u00a0\u00bb background_layout=\u00a0\u00bblight\u00a0\u00bb text_orientation=\u00a0\u00bbleft\u00a0\u00bb use_border_color=\u00a0\u00bboff\u00a0\u00bb border_color=\u00a0\u00bb#ffffff\u00a0\u00bb border_style=\u00a0\u00bbsolid\u00a0\u00bb text_font_size=\u00a0\u00bb15&Prime;]<\/p>\n<p class=\"img_h3\"><img loading=\"lazy\" decoding=\"async\" class=\"alignnone size-full wp-image-75\" src=\"http:\/\/nemery.fr\/wp-content\/uploads\/2016\/03\/nos-forces.png\" alt=\"nemery_logo_h3\" width=\"51\" height=\"53\" \/><\/p>\n<h3>Conditions g\u00e9n\u00e9rales de ventes<\/h3>\n<p>[\/et_pb_text][et_pb_text admin_label=\u00a0\u00bbArticle 1&Prime; background_layout=\u00a0\u00bblight\u00a0\u00bb text_orientation=\u00a0\u00bbleft\u00a0\u00bb use_border_color=\u00a0\u00bboff\u00a0\u00bb border_color=\u00a0\u00bb#ffffff\u00a0\u00bb border_style=\u00a0\u00bbsolid\u00a0\u00bb]<\/p>\n<div class=\"page\" title=\"Page 1\">\n<div class=\"layoutArea\">\n<div class=\"column\">\n<h5><span style=\"text-decoration: underline;\">Article 1 &#8211; Domaine d&rsquo;application<\/span><\/h5>\n<p>Les conditions ge\u0301ne\u0301rales de vente s\u2019appliquent de fac\u0327on exclusive a\u0300 toutes les ventes re\u0301alise\u0301es entre A. NEMERY &amp; CALMEJANE s.a.s, 22-24-26 rue Chistiaan Huygens, 37095 TOURS cedex 2 (\u00ab Nous \u00bb) et l\u2019auteur de la commande (\u00ab Vous \u00bb). Toute condition non conforme a\u0300 nos conditions ge\u0301ne\u0301rales que vous auriez formule\u0301e sera rejete\u0301e a\u0300 moins que nous n\u2019en ayons expresse\u0301ment et par e\u0301crit reconnu l\u2019applicabilite\u0301.<\/p>\n<\/div>\n<\/div>\n<\/div>\n<p>[\/et_pb_text][et_pb_text admin_label=\u00a0\u00bbArticle 2&Prime; background_layout=\u00a0\u00bblight\u00a0\u00bb text_orientation=\u00a0\u00bbleft\u00a0\u00bb use_border_color=\u00a0\u00bboff\u00a0\u00bb border_color=\u00a0\u00bb#ffffff\u00a0\u00bb border_style=\u00a0\u00bbsolid\u00a0\u00bb]<\/p>\n<div class=\"page\" title=\"Page 1\">\n<div class=\"layoutArea\">\n<div class=\"column\">\n<div class=\"page\" title=\"Page 1\">\n<div class=\"layoutArea\">\n<div class=\"column\">\n<h5><span style=\"text-decoration: underline;\">Article 2 \u2013 Commande<\/span><\/h5>\n<\/div>\n<\/div>\n<\/div>\n<div class=\"page\" title=\"Page 1\">\n<div class=\"layoutArea\">\n<div class=\"column\">\n<p>Les commandes passe\u0301es aupre\u0300s de nos repre\u0301sentants ou agents, ainsi que les commandes directes (fax, te\u0301le\u0301phone, courrier, email&#8230;) sont conside\u0301re\u0301es comme fermes, sans qu\u2019il y ait lieu de notre part de les confirmer.<br \/>\nVotre commande sera prise en compte dans la limite de nos stocks disponibles, et si elle est supe\u0301rieure a\u0300 200 hors taxe. Le Franco de port est applicable pour les commandes exce\u0301dant un montant de 700 hors taxe. Entre 200 et 700 hors taxe, une participation aux frais de port de 20 hors taxe sera facture\u0301e en sus.<\/p>\n<p>En passant votre commande, vous acceptez l\u2019inte\u0301gralite\u0301 des pre\u0301sentes conditions ge\u0301ne\u0301rales de vente dont vous reconnaissez avoir parfaitement connaissance, renonc\u0327ant de ce fait a\u0300 vous pre\u0301valoir de tout document contradictoire, et notamment de vos propres conditions ge\u0301ne\u0301rales d\u2019achat (voir article1).<br \/>\nPar suite des ne\u0301cessite\u0301s de fabrication et de pre\u0301paration de commande, il nous est impossible d\u2019accepter une modification du bon de commande apre\u0300s 3 jours ouvrables (72 heures) a\u0300 compter de la date de prise de commande.<\/p>\n<\/div>\n<\/div>\n<\/div>\n<\/div>\n<\/div>\n<\/div>\n<p>[\/et_pb_text][et_pb_text admin_label=\u00a0\u00bbArticle 3&Prime; background_layout=\u00a0\u00bblight\u00a0\u00bb text_orientation=\u00a0\u00bbleft\u00a0\u00bb use_border_color=\u00a0\u00bboff\u00a0\u00bb border_color=\u00a0\u00bb#ffffff\u00a0\u00bb border_style=\u00a0\u00bbsolid\u00a0\u00bb]<\/p>\n<div class=\"page\" title=\"Page 1\">\n<div class=\"layoutArea\">\n<div class=\"column\">\n<div class=\"page\" title=\"Page 1\">\n<div class=\"layoutArea\">\n<div class=\"column\">\n<h5><span style=\"text-decoration: underline;\">Article 3\u00a0\u2013\u00a0Cas de Force Majeure<\/span><\/h5>\n<\/div>\n<\/div>\n<\/div>\n<div class=\"page\" title=\"Page 1\">\n<div class=\"layoutArea\">\n<div class=\"column\">\n<div class=\"page\" title=\"Page 1\">\n<div class=\"layoutArea\">\n<div class=\"column\">\n<p>L\u2019impossibilite\u0301 d\u2019honorer tout ou partie de vos commandes peut re\u0301sulter d\u2019un cas de force majeure, dont par exemple :<\/p>\n<ul>\n<li>Gre\u0300ve des transporteurs, dockers ou autres interme\u0301diaires du transport.<\/li>\n<li>La de\u0301faillance d\u2019un fabricant e\u0301tranger&#8230;<\/li>\n<\/ul>\n<\/div>\n<\/div>\n<\/div>\n<\/div>\n<\/div>\n<\/div>\n<\/div>\n<\/div>\n<\/div>\n<p>[\/et_pb_text][et_pb_text admin_label=\u00a0\u00bbArticle 4&Prime; background_layout=\u00a0\u00bblight\u00a0\u00bb text_orientation=\u00a0\u00bbleft\u00a0\u00bb use_border_color=\u00a0\u00bboff\u00a0\u00bb border_color=\u00a0\u00bb#ffffff\u00a0\u00bb border_style=\u00a0\u00bbsolid\u00a0\u00bb]<\/p>\n<div class=\"page\" title=\"Page 1\">\n<div class=\"layoutArea\">\n<div class=\"column\">\n<div class=\"page\" title=\"Page 1\">\n<div class=\"layoutArea\">\n<div class=\"column\">\n<h5><span style=\"text-decoration: underline;\">Article 4\u00a0\u2013\u00a0Prix<br \/>\n<\/span><\/h5>\n<div class=\"page\" title=\"Page 1\">\n<div class=\"layoutArea\">\n<div class=\"column\">Nos prix sont indique\u0301s en euros hors taxe.<br \/>\nNous nous re\u0301servons le droit de modifier nos prix a\u0300 tout moment, mais nous nous engageons a\u0300 appliquer les tarifs en vigueur au moment de la date de prise de commande.<\/div>\n<\/div>\n<\/div>\n<\/div>\n<\/div>\n<\/div>\n<\/div>\n<\/div>\n<\/div>\n<p>[\/et_pb_text][et_pb_text admin_label=\u00a0\u00bbArticle 5&Prime; background_layout=\u00a0\u00bblight\u00a0\u00bb text_orientation=\u00a0\u00bbleft\u00a0\u00bb use_border_color=\u00a0\u00bboff\u00a0\u00bb border_color=\u00a0\u00bb#ffffff\u00a0\u00bb border_style=\u00a0\u00bbsolid\u00a0\u00bb]<\/p>\n<div class=\"page\" title=\"Page 1\">\n<div class=\"layoutArea\">\n<div class=\"column\">\n<div class=\"page\" title=\"Page 1\">\n<div class=\"layoutArea\">\n<div class=\"column\">\n<h5><span style=\"text-decoration: underline;\">Article 5\u00a0\u2013\u00a0Paiement<br \/>\n<\/span><\/h5>\n<div class=\"page\" title=\"Page 1\">\n<div class=\"layoutArea\">\n<div class=\"column\">\n<div class=\"page\" title=\"Page 1\">\n<div class=\"layoutArea\">\n<div class=\"column\">\n<ul>En application de la loi N\u00b02001-420 du 15 Mai 2001 relative aux de\u0301lais de paiement entre les entreprises :<\/p>\n<li>Le montant a\u0300 re\u0301gler (par tout moyen de votre convenance) et la date de paiement sont indique\u0301s au recto de votre facture.<\/li>\n<li>En cas de re\u0300glement anticipe\u0301 infe\u0301rieur a\u0300 8 jours, il sera fait application d\u2019un escompte de 2% sur le montant hors taxe de la facture.<\/li>\n<li>A de\u0301faut de paiement a\u0300 l\u2019e\u0301che\u0301ance, des pe\u0301nalite\u0301s e\u0301gales a\u0300 3 fois le taux de l\u2019inte\u0301re\u0302t le\u0301gal en vigueur a\u0300 la date de la facturation seront applique\u0301es a\u0300 compter du 1er jour de retard.<\/li>\n<li>Pour tout paiement apre\u0300s la date d\u2019e\u0301che\u0301ance, ou traite impaye\u0301e, une indemnite\u0301 forfaitaire de 40 sera applique\u0301e afin de couvrir les frais de recouvrement (Art. D.441-5, 12e\u0300me aline\u0301a du 1 de l\u2019art. L441-6 du code de commerce) d\u2019apre\u0300s le de\u0301cret n\u00b02012-1115 du 02\/10\/2012.<\/li>\n<\/ul>\n<\/div>\n<\/div>\n<\/div>\n<\/div>\n<\/div>\n<\/div>\n<\/div>\n<\/div>\n<\/div>\n<\/div>\n<\/div>\n<\/div>\n<p>[\/et_pb_text][et_pb_text admin_label=\u00a0\u00bbArticle 6&Prime; background_layout=\u00a0\u00bblight\u00a0\u00bb text_orientation=\u00a0\u00bbleft\u00a0\u00bb use_border_color=\u00a0\u00bboff\u00a0\u00bb border_color=\u00a0\u00bb#ffffff\u00a0\u00bb border_style=\u00a0\u00bbsolid\u00a0\u00bb]<\/p>\n<div class=\"page\" title=\"Page 1\">\n<div class=\"layoutArea\">\n<div class=\"column\">\n<div class=\"page\" title=\"Page 1\">\n<div class=\"layoutArea\">\n<div class=\"column\">\n<h5><span style=\"text-decoration: underline;\">Article 6\u00a0\u2013\u00a0Impay\u00e9s<br \/>\n<\/span><\/h5>\n<div class=\"page\" title=\"Page 1\">\n<div class=\"layoutArea\">\n<div class=\"column\">\n<div class=\"page\" title=\"Page 1\">\n<div class=\"layoutArea\">\n<div class=\"column\">Si, lors d\u2019une pre\u0301ce\u0301dente commande, vous vous e\u0302tes soustraits a\u0300 l\u2019une de vos obligations (de\u0301faut ou retard de re\u0300glement, par exemple), la vente ne pourra e\u0302tre accepte\u0301e que si vous fournissez des garanties satisfaisantes (paiement comptant&#8230;). Aucune ristourne pour paiement comptant ou anticipe\u0301 ne vous sera alors accorde\u0301e.<\/div>\n<\/div>\n<\/div>\n<\/div>\n<\/div>\n<\/div>\n<\/div>\n<\/div>\n<\/div>\n<\/div>\n<\/div>\n<\/div>\n<p>[\/et_pb_text][et_pb_text admin_label=\u00a0\u00bbArticle 7&Prime; background_layout=\u00a0\u00bblight\u00a0\u00bb text_orientation=\u00a0\u00bbleft\u00a0\u00bb use_border_color=\u00a0\u00bboff\u00a0\u00bb border_color=\u00a0\u00bb#ffffff\u00a0\u00bb border_style=\u00a0\u00bbsolid\u00a0\u00bb]<\/p>\n<div class=\"page\" title=\"Page 1\">\n<div class=\"layoutArea\">\n<div class=\"column\">\n<div class=\"page\" title=\"Page 1\">\n<div class=\"layoutArea\">\n<div class=\"column\">\n<h5><span style=\"text-decoration: underline;\">Article 7\u00a0\u2013\u00a0Livraisons<br \/>\n<\/span><\/h5>\n<div class=\"page\" title=\"Page 1\">\n<div class=\"layoutArea\">\n<div class=\"column\">\n<div class=\"page\" title=\"Page 1\">\n<div class=\"layoutArea\">\n<div class=\"column\">\n<div class=\"page\" title=\"Page 1\">\n<div class=\"layoutArea\">\n<div class=\"column\">Compte tenu de notre activite\u0301 spe\u0301cifique, les de\u0301lais de livraison sont indicatifs et peuvent varier en fonction des approvisionnements de marchandises et du planning de production. Les quantite\u0301s note\u0301es peuvent subir une variation de plus ou moins 10% en fonction des impe\u0301ratifs de fabrication ou du respect des boi\u0302tages et colisages.<\/div>\n<\/div>\n<\/div>\n<\/div>\n<\/div>\n<\/div>\n<\/div>\n<\/div>\n<\/div>\n<\/div>\n<\/div>\n<\/div>\n<\/div>\n<\/div>\n<\/div>\n<p>[\/et_pb_text][et_pb_text admin_label=\u00a0\u00bbArticle 8&Prime; background_layout=\u00a0\u00bblight\u00a0\u00bb text_orientation=\u00a0\u00bbleft\u00a0\u00bb use_border_color=\u00a0\u00bboff\u00a0\u00bb border_color=\u00a0\u00bb#ffffff\u00a0\u00bb border_style=\u00a0\u00bbsolid\u00a0\u00bb]<\/p>\n<div class=\"page\" title=\"Page 1\">\n<div class=\"layoutArea\">\n<div class=\"column\">\n<div class=\"page\" title=\"Page 1\">\n<div class=\"layoutArea\">\n<div class=\"column\">\n<h5><span style=\"text-decoration: underline;\">Article 8\u00a0\u2013\u00a0Articles manquants, cass\u00e9s ou d\u00e9fectueux<\/span><\/h5>\n<div class=\"page\" title=\"Page 1\">\n<div class=\"layoutArea\">\n<div class=\"column\">Toute re\u0301clamation pour articles manquants ou non conformes doit nous e\u0302tre impe\u0301rativement signale\u0301e dans les 15 jours qui suivront la re\u0301ception de la marchandise. Au terme de ce de\u0301lai, les produits livre\u0301s seront re\u0301pute\u0301s conformes a\u0300 votre commande et accepte\u0301s par vous.<br \/>\nLes articles casse\u0301s, de\u0301te\u0301riore\u0301s ou de\u0301fectueux, ne peuvent e\u0302tre repris ou e\u0301change\u0301s que si des re\u0301serves pre\u0301cises ou circonstancie\u0301es ont e\u0301te\u0301 formule\u0301es sur le re\u0301ce\u0301pisse\u0301 du transporteur. Ce dernier devra en e\u0302tre pre\u0301venu par lettre recommande\u0301e sous 48 heures par vos soins, une copie devant nous e\u0302tre adresse\u0301e sous le me\u0302me de\u0301lai.Tout retour de marchandises devra faire l\u2019objet d\u2019un accord pre\u0301alable de notre part. La marchandise devra nous e\u0302tre retourne\u0301e dans son emballage d\u2019origine.<br \/>\nEn tout e\u0301tat de cause, sur un envoi de marchandises, les produits non conformes retourne\u0301s ne dispensent pas de l\u2019obligation de payer toutes les marchandises pour lesquelles il n\u2019existe pas de contestation.<\/div>\n<\/div>\n<\/div>\n<\/div>\n<\/div>\n<\/div>\n<\/div>\n<\/div>\n<\/div>\n<p>[\/et_pb_text][et_pb_text admin_label=\u00a0\u00bbArticle 9&Prime; background_layout=\u00a0\u00bblight\u00a0\u00bb text_orientation=\u00a0\u00bbleft\u00a0\u00bb use_border_color=\u00a0\u00bboff\u00a0\u00bb border_color=\u00a0\u00bb#ffffff\u00a0\u00bb border_style=\u00a0\u00bbsolid\u00a0\u00bb]<\/p>\n<div class=\"page\" title=\"Page 1\">\n<div class=\"layoutArea\">\n<div class=\"column\">\n<div class=\"page\" title=\"Page 1\">\n<div class=\"layoutArea\">\n<div class=\"column\">\n<h5><span style=\"text-decoration: underline;\">Article 9\u00a0\u2013\u00a0R\u00e9serve de propri\u00e9t\u00e9<\/span><\/h5>\n<div class=\"page\" title=\"Page 1\">\n<div class=\"layoutArea\">\n<div class=\"column\">\n<div class=\"page\" title=\"Page 1\">\n<div class=\"layoutArea\">\n<div class=\"column\">Les marchandises restent la proprie\u0301te\u0301 de la socie\u0301te\u0301 Nemery et Calmejane jusqu\u2019a\u0300 ce que vous ayez rempli toutes vos obligations a\u0300 notre encontre et notamment jusqu\u2019au paiement inte\u0301gral du prix, le cas e\u0301che\u0301ant augmente\u0301 des inte\u0301re\u0302ts. (Loi N\u00b080.335 du 12 Mai 1980).<\/div>\n<\/div>\n<\/div>\n<\/div>\n<\/div>\n<\/div>\n<\/div>\n<\/div>\n<\/div>\n<\/div>\n<\/div>\n<\/div>\n<p>[\/et_pb_text][et_pb_text admin_label=\u00a0\u00bbArticle 10&Prime; background_layout=\u00a0\u00bblight\u00a0\u00bb text_orientation=\u00a0\u00bbleft\u00a0\u00bb use_border_color=\u00a0\u00bboff\u00a0\u00bb border_color=\u00a0\u00bb#ffffff\u00a0\u00bb border_style=\u00a0\u00bbsolid\u00a0\u00bb]<\/p>\n<div class=\"page\" title=\"Page 1\">\n<div class=\"layoutArea\">\n<div class=\"column\">\n<div class=\"page\" title=\"Page 1\">\n<div class=\"layoutArea\">\n<div class=\"column\">\n<h5><span style=\"text-decoration: underline;\">Article 10\u00a0\u2013\u00a0Droit de reproduction<\/span><\/h5>\n<div class=\"page\" title=\"Page 1\">\n<div class=\"layoutArea\">\n<div class=\"column\">\n<div class=\"page\" title=\"Page 1\">\n<div class=\"layoutArea\">\n<div class=\"column\">\n<div class=\"page\" title=\"Page 1\">\n<div class=\"layoutArea\">\n<div class=\"column\">Les dessins, maquettes ou mode\u0300les, que nous exe\u0301cutons restent notre proprie\u0301te\u0301 et ne peuvent e\u0302tre utilise\u0301s sans notre autorisation, me\u0302me s\u2019ils font l\u2019objet d\u2019une facturation se\u0301pare\u0301e.<br \/>\nUne prise de commande ne\u0301cessitant la reproduction d\u2019un objet ou d\u2019un dessin qui be\u0301ne\u0301ficie de la protection des lois sur la proprie\u0301te\u0301 intellectuelle et artistique implique, de votre part, l\u2019existence d\u2019un droit de reproduction graphique ou autre. Vous devez, en conse\u0301quence, nous garantir contre toute contestation dont ce droit de reproduction pourrait e\u0302tre l\u2019objet.<\/div>\n<\/div>\n<\/div>\n<\/div>\n<\/div>\n<\/div>\n<\/div>\n<\/div>\n<\/div>\n<\/div>\n<\/div>\n<\/div>\n<\/div>\n<\/div>\n<\/div>\n<p>[\/et_pb_text][et_pb_text admin_label=\u00a0\u00bbArticle 11&Prime; background_layout=\u00a0\u00bblight\u00a0\u00bb text_orientation=\u00a0\u00bbleft\u00a0\u00bb use_border_color=\u00a0\u00bboff\u00a0\u00bb border_color=\u00a0\u00bb#ffffff\u00a0\u00bb border_style=\u00a0\u00bbsolid\u00a0\u00bb]<\/p>\n<div class=\"page\" title=\"Page 1\">\n<div class=\"layoutArea\">\n<div class=\"column\">\n<div class=\"page\" title=\"Page 1\">\n<div class=\"layoutArea\">\n<div class=\"column\">\n<h5><span style=\"text-decoration: underline;\">Article 11 \u2013\u00a0Epreuves \/ Echantillonnage \/ Cre\u0301ation de produits<\/span><\/h5>\n<div class=\"page\" title=\"Page 1\">\n<div class=\"layoutArea\">\n<div class=\"column\">\n<div class=\"page\" title=\"Page 1\">\n<div class=\"layoutArea\">\n<div class=\"column\">\n<div class=\"page\" title=\"Page 1\">\n<div class=\"layoutArea\">\n<div class=\"column\">\n<div class=\"page\" title=\"Page 1\">\n<div class=\"layoutArea\">\n<div class=\"column\">La signature d\u2019un bon a\u0300 tirer ou d\u2019une confirmation d\u2019e\u0301chantillon engage votre entie\u0300re responsabilite\u0301. Les corrections apporte\u0301es aux e\u0301preuves ou e\u0301chantillons de produit de votre fait peuvent e\u0302tre facture\u0301es en supple\u0301ment du prix et des frais convenus.<\/div>\n<\/div>\n<\/div>\n<\/div>\n<\/div>\n<\/div>\n<\/div>\n<\/div>\n<\/div>\n<\/div>\n<\/div>\n<\/div>\n<\/div>\n<\/div>\n<\/div>\n<\/div>\n<\/div>\n<\/div>\n<p>[\/et_pb_text][et_pb_text admin_label=\u00a0\u00bbArticle 12&Prime; background_layout=\u00a0\u00bblight\u00a0\u00bb text_orientation=\u00a0\u00bbleft\u00a0\u00bb use_border_color=\u00a0\u00bboff\u00a0\u00bb border_color=\u00a0\u00bb#ffffff\u00a0\u00bb border_style=\u00a0\u00bbsolid\u00a0\u00bb]<\/p>\n<div class=\"page\" title=\"Page 1\">\n<div class=\"layoutArea\">\n<div class=\"column\">\n<div class=\"page\" title=\"Page 1\">\n<div class=\"layoutArea\">\n<div class=\"column\">\n<h5><span style=\"text-decoration: underline;\">Article 12 \u2013\u00a0Droit applicable et juridiction comp\u00e9tente<\/span><\/h5>\n<div class=\"page\" title=\"Page 1\">\n<div class=\"layoutArea\">\n<div class=\"column\">\n<div class=\"page\" title=\"Page 1\">\n<div class=\"layoutArea\">\n<div class=\"column\">\n<div class=\"page\" title=\"Page 1\">\n<div class=\"layoutArea\">\n<div class=\"column\">\n<div class=\"page\" title=\"Page 1\">\n<div class=\"layoutArea\">\n<div class=\"column\">\n<div class=\"page\" title=\"Page 1\">\n<div class=\"layoutArea\">\n<div class=\"column\">Les pre\u0301sentes conditions ge\u0301ne\u0301rales de vente sont soumises au droit Franc\u0327ais, tous les litiges relatifs aux ventes rele\u0300vent de la compe\u0301tence exclusive du Tribunal de Commerce de Tours (France).<\/div>\n<\/div>\n<\/div>\n<\/div>\n<\/div>\n<\/div>\n<\/div>\n<\/div>\n<\/div>\n<\/div>\n<\/div>\n<\/div>\n<\/div>\n<\/div>\n<\/div>\n<\/div>\n<\/div>\n<\/div>\n<\/div>\n<\/div>\n<\/div>\n<p>[\/et_pb_text][\/et_pb_column][\/et_pb_row][\/et_pb_section]<\/p>","protected":false},"excerpt":{"rendered":"<p>[et_pb_section admin_label=\u00a0\u00bbsection\u00a0\u00bb][et_pb_row admin_label=\u00a0\u00bbrow\u00a0\u00bb][et_pb_column type=\u00a0\u00bb4_4&Prime;][et_pb_text admin_label=\u00a0\u00bbTitre\u00a0\u00bb background_layout=\u00a0\u00bblight\u00a0\u00bb text_orientation=\u00a0\u00bbleft\u00a0\u00bb use_border_color=\u00a0\u00bboff\u00a0\u00bb border_color=\u00a0\u00bb#ffffff\u00a0\u00bb border_style=\u00a0\u00bbsolid\u00a0\u00bb text_font_size=\u00a0\u00bb15&Prime;] Conditions g\u00e9n\u00e9rales de ventes [\/et_pb_text][et_pb_text admin_label=\u00a0\u00bbArticle 1&Prime; background_layout=\u00a0\u00bblight\u00a0\u00bb text_orientation=\u00a0\u00bbleft\u00a0\u00bb use_border_color=\u00a0\u00bboff\u00a0\u00bb border_color=\u00a0\u00bb#ffffff\u00a0\u00bb border_style=\u00a0\u00bbsolid\u00a0\u00bb] Article 1 &#8211; Domaine d&rsquo;application Les conditions ge\u0301ne\u0301rales de vente s\u2019appliquent de fac\u0327on exclusive a\u0300 toutes les ventes re\u0301alise\u0301es entre A. NEMERY &amp; CALMEJANE s.a.s, 22-24-26 rue Chistiaan Huygens, 37095 TOURS cedex [&hellip;]<\/p>\n","protected":false},"author":1,"featured_media":0,"parent":153102,"menu_order":0,"comment_status":"closed","ping_status":"closed","template":"page-template-fullwidth.php","meta":{"_et_pb_use_builder":"on","_et_pb_old_content":"<p>\u00a0<\/p><div id=\"alldebrid_hover\" style=\"display: none; width; 153px; height: 24px; cursor: pointer; position: absolute;\"><img src=\"https:\/\/alldebrid.fr\/lib\/images\/hover2.png\" alt=\"\" \/><\/div><div id=\"alldebrid_hover\" style=\"display: none; width; 153px; height: 24px; cursor: pointer; position: absolute;\"><img src=\"https:\/\/alldebrid.fr\/lib\/images\/hover2.png\" alt=\"\" \/><\/div>","footnotes":""},"_links":{"self":[{"href":"https:\/\/nemery.fr\/fr\/wp-json\/wp\/v2\/pages\/196"}],"collection":[{"href":"https:\/\/nemery.fr\/fr\/wp-json\/wp\/v2\/pages"}],"about":[{"href":"https:\/\/nemery.fr\/fr\/wp-json\/wp\/v2\/types\/page"}],"author":[{"embeddable":true,"href":"https:\/\/nemery.fr\/fr\/wp-json\/wp\/v2\/users\/1"}],"replies":[{"embeddable":true,"href":"https:\/\/nemery.fr\/fr\/wp-json\/wp\/v2\/comments?post=196"}],"version-history":[{"count":0,"href":"https:\/\/nemery.fr\/fr\/wp-json\/wp\/v2\/pages\/196\/revisions"}],"up":[{"embeddable":true,"href":"https:\/\/nemery.fr\/fr\/wp-json\/wp\/v2\/pages\/153102"}],"wp:attachment":[{"href":"https:\/\/nemery.fr\/fr\/wp-json\/wp\/v2\/media?parent=196"}],"curies":[{"name":"wp","href":"https:\/\/api.w.org\/{rel}","templated":true}]}}