{"id":178078,"date":"2017-06-15T13:23:06","date_gmt":"2017-06-15T12:23:06","guid":{"rendered":"http:\/\/nemery.fr\/?page_id=178078"},"modified":"2017-06-15T13:29:48","modified_gmt":"2017-06-15T12:29:48","slug":"merci","status":"publish","type":"page","link":"https:\/\/nemery.fr\/fr\/envoyer-ma-selection\/merci\/","title":{"rendered":"Merci"},"content":{"rendered":"<p>Merci. <\/p>\n<p><strong>Attention : ceci n\u2019est pas une commande !<\/strong><\/p>\n<p>Nous avons bien re\u00e7u votre s\u00e9lection et vous remercions de votre confiance.<br \/>\nNous prendrons contact avec vous tr\u00e8s rapidement pour la finaliser ensemble.<\/p>\n<p>Une copie de votre s\u00e9lection vous a \u00e9t\u00e9 envoy\u00e9e par email.<br \/>\nVous pourrez \u00e9galement retrouver celle-ci dans l&rsquo;onglet \u00ab\u00a0<a href=\"http:\/\/nemery.fr\/iump-account-page\/orders\/\">Mes pr\u00e9c\u00e9dentes s\u00e9lections<\/a>\u00a0\u00bb<\/p>\n<p>Si vous avez des questions compl\u00e9mentaires, n\u2019h\u00e9sitez pas \u00e0 nous joindre par email \u00e0 nem@nemery.fr ou par t\u00e9l\u00e9phone au 02 47 54 54 97.<\/p>\n<p>Notre \u00e9quipe est \u00e0 votre \u00e9coute du lundi au vendredi, de 8h30 \u00e0 17h.<\/p>","protected":false},"excerpt":{"rendered":"<p>Merci. Attention : ceci n\u2019est pas une commande ! Nous avons bien re\u00e7u votre s\u00e9lection et vous remercions de votre confiance. Nous prendrons contact avec vous tr\u00e8s rapidement pour la finaliser ensemble. Une copie de votre s\u00e9lection vous a \u00e9t\u00e9 envoy\u00e9e par email. Vous pourrez \u00e9galement retrouver celle-ci dans l&rsquo;onglet \u00ab\u00a0Mes pr\u00e9c\u00e9dentes s\u00e9lections\u00a0\u00bb Si vous [&hellip;]<\/p>\n","protected":false},"author":1,"featured_media":0,"parent":159903,"menu_order":0,"comment_status":"closed","ping_status":"closed","template":"","meta":{"_et_pb_use_builder":"","_et_pb_old_content":"","footnotes":""},"_links":{"self":[{"href":"https:\/\/nemery.fr\/fr\/wp-json\/wp\/v2\/pages\/178078"}],"collection":[{"href":"https:\/\/nemery.fr\/fr\/wp-json\/wp\/v2\/pages"}],"about":[{"href":"https:\/\/nemery.fr\/fr\/wp-json\/wp\/v2\/types\/page"}],"author":[{"embeddable":true,"href":"https:\/\/nemery.fr\/fr\/wp-json\/wp\/v2\/users\/1"}],"replies":[{"embeddable":true,"href":"https:\/\/nemery.fr\/fr\/wp-json\/wp\/v2\/comments?post=178078"}],"version-history":[{"count":0,"href":"https:\/\/nemery.fr\/fr\/wp-json\/wp\/v2\/pages\/178078\/revisions"}],"up":[{"embeddable":true,"href":"https:\/\/nemery.fr\/fr\/wp-json\/wp\/v2\/pages\/159903"}],"wp:attachment":[{"href":"https:\/\/nemery.fr\/fr\/wp-json\/wp\/v2\/media?parent=178078"}],"curies":[{"name":"wp","href":"https:\/\/api.w.org\/{rel}","templated":true}]}}