{"id":1410,"date":"2020-02-02T08:00:16","date_gmt":"2020-02-02T07:00:16","guid":{"rendered":"http:\/\/nemery.creaweb.fr\/?page_id=1410"},"modified":"2025-09-04T08:02:40","modified_gmt":"2025-09-04T07:02:40","slug":"salons","status":"publish","type":"page","link":"https:\/\/nemery.fr\/en\/salons\/","title":{"rendered":"Exhibitions"},"content":{"rendered":"<p>[et_pb_section fb_built=&#8221;1&#8243; custom_padding_last_edited=&#8221;on|desktop&#8221; admin_label=&#8221;section&#8221; module_class=&#8221;salons&#8221; _builder_version=&#8221;3.22&#8243; custom_padding_tablet=&#8221;50px|0|50px|0&#8243; custom_padding_phone=&#8221;&#8221; transparent_background=&#8221;off&#8221; padding_mobile=&#8221;off&#8221; make_fullwidth=&#8221;off&#8221; use_custom_width=&#8221;off&#8221; width_unit=&#8221;on&#8221;][et_pb_row admin_label=&#8221;row&#8221; _builder_version=&#8221;3.25&#8243; background_size=&#8221;initial&#8221; background_position=&#8221;top_left&#8221; background_repeat=&#8221;repeat&#8221;][et_pb_column type=&#8221;4_4&#8243; _builder_version=&#8221;3.25&#8243; custom_padding=&#8221;|||&#8221; custom_padding__hover=&#8221;|||&#8221;][et_pb_text admin_label=&#8221;Titre&#8221; module_class=&#8221;titre_page&#8221; _builder_version=&#8221;3.27.4&#8243; background_size=&#8221;initial&#8221; background_position=&#8221;top_left&#8221; background_repeat=&#8221;repeat&#8221; use_border_color=&#8221;off&#8221; border_color=&#8221;#ffffff&#8221; border_style=&#8221;solid&#8221;]<\/p>\n<p class=\"img_h3\"><img loading=\"lazy\" decoding=\"async\" class=\"alignnone size-full wp-image-75\" src=\"https:\/\/nemery.fr\/wp-content\/uploads\/2016\/03\/nos-forces.png\" alt=\"nemery_logo_h3\" width=\"51\" height=\"53\" \/><\/p>\n<h3>Salons<\/h3>\n<p>[\/et_pb_text][et_pb_text _builder_version=&#8221;3.27.4&#8243; text_font_size=&#8221;15&#8243; background_size=&#8221;initial&#8221; background_position=&#8221;top_left&#8221; background_repeat=&#8221;repeat&#8221; use_border_color=&#8221;off&#8221; border_color=&#8221;#ffffff&#8221; border_style=&#8221;solid&#8221;]<\/p>\n<div class=\"page\" title=\"Page 1\">\n<div class=\"section\">\n<div class=\"layoutArea\">\n<div class=\"column\">Toujours plus proche de vous.<\/div>\n<\/div>\n<\/div>\n<\/div>\n<p>[\/et_pb_text][\/et_pb_column][\/et_pb_row][\/et_pb_section][et_pb_section fb_built=&#8221;1&#8243; specialty=&#8221;on&#8221; custom_padding_last_edited=&#8221;on|desktop&#8221; parallax_method_1=&#8221;off&#8221; parallax_method_2=&#8221;off&#8221; module_class_1=&#8221;droite&#8221; module_class=&#8221;presentation salons&#8221; _builder_version=&#8221;3.22&#8243; custom_padding_tablet=&#8221;50px|0|50px|0&#8243; custom_padding_phone=&#8221;&#8221; transparent_background=&#8221;off&#8221; padding_mobile=&#8221;off&#8221; make_fullwidth=&#8221;off&#8221; use_custom_width=&#8221;off&#8221; width_unit=&#8221;on&#8221;][et_pb_column type=&#8221;1_2&#8243; _builder_version=&#8221;3.25&#8243; custom_padding=&#8221;|||&#8221; custom_padding__hover=&#8221;|||&#8221;][et_pb_text _builder_version=&#8221;4.0.11&#8243; text_font_size=&#8221;15&#8243; background_size=&#8221;initial&#8221; background_position=&#8221;top_left&#8221; background_repeat=&#8221;repeat&#8221;]<\/p>\n<div class=\"page\" title=\"Page 1\">\n<div class=\"section\">\n<div class=\"layoutArea\">\n<div class=\"column\">\n<div class=\"page\" title=\"Page 1\">\n<div class=\"section\">\n<div class=\"layoutArea\">\n<div class=\"column\">\n<h4>JOURNE\u0301ES PORTES OUVERTES &#8211; TOURS<br \/>DU LUNDI 2 AU VENDREDI 6 NOVEMBRE 2020<\/h4>\n<p>Professionnels du souvenir, ces journ\u00e9es sont pour vous\u00a0!<\/p>\n<p>A cette occasion, nous vous montrerons l\u2019ensemble de nos collections, ainsi que les nouveaute\u0301s pour la prochaine saison, en octobre prochain, a\u0300 Tours dans nos locaux.<\/p>\n<p>Pour se consacrer pleinement \u00e0 votre \u00e9coute, notre commercial vous recevra sur rendez-vous.<\/p>\n<p>Nous pourrons \u00e9galement vous faire d\u00e9couvrir de mani\u00e8re plus personnalis\u00e9e notre Soci\u00e9t\u00e9, son personnel et ses ateliers.<\/p>\n<p>Contactez-nous pour recevoir une invitation ou contactez notre commercial pour prendre rendez-vous.<\/p>\n<p>&nbsp;<\/p>\n<\/div>\n<\/div>\n<\/div>\n<\/div>\n<\/div>\n<\/div>\n<\/div>\n<\/div>\n<p>[\/et_pb_text][\/et_pb_column][et_pb_column type=&#8221;1_2&#8243; specialty_columns=&#8221;2&#8243; _builder_version=&#8221;3.25&#8243; custom_padding=&#8221;|||&#8221; custom_padding__hover=&#8221;|||&#8221;][et_pb_row_inner column_structure=&#8221;1_2,1_2&#8243; padding_mobile=&#8221;off&#8221; column_padding_mobile=&#8221;on&#8221; admin_label=&#8221;Ligne&#8221; module_class=&#8221;presentation_img_droite salon&#8221; _builder_version=&#8221;4.0.11&#8243;][et_pb_column_inner type=&#8221;1_2&#8243; saved_specialty_column_type=&#8221;1_2&#8243; _builder_version=&#8221;3.25&#8243; custom_padding=&#8221;|||&#8221; custom_padding__hover=&#8221;|||&#8221;][et_pb_image src=&#8221;https:\/\/nemery.fr\/wp-content\/uploads\/IMG_0236_redimensionner.jpg&#8221; show_bottom_space=&#8221;off&#8221; align=&#8221;right&#8221; align_tablet=&#8221;center&#8221; align_phone=&#8221;&#8221; align_last_edited=&#8221;on|desktop&#8221; _builder_version=&#8221;4.0.11&#8243; use_border_color=&#8221;off&#8221;]<br \/>\n[\/et_pb_image][et_pb_image src=&#8221;https:\/\/nemery.fr\/wp-content\/uploads\/IMG_0216_redimensionner.jpg&#8221; show_bottom_space=&#8221;off&#8221; align=&#8221;right&#8221; align_tablet=&#8221;center&#8221; align_phone=&#8221;&#8221; align_last_edited=&#8221;on|desktop&#8221; _builder_version=&#8221;4.0.11&#8243; use_border_color=&#8221;off&#8221;]<br \/>\n[\/et_pb_image][\/et_pb_column_inner][et_pb_column_inner type=&#8221;1_2&#8243; saved_specialty_column_type=&#8221;1_2&#8243; _builder_version=&#8221;3.25&#8243; custom_padding=&#8221;|||&#8221; custom_padding__hover=&#8221;|||&#8221;][et_pb_image src=&#8221;https:\/\/nemery.fr\/wp-content\/uploads\/IMG_0217_redimensionner.jpg&#8221; show_bottom_space=&#8221;off&#8221; align=&#8221;right&#8221; align_tablet=&#8221;center&#8221; align_phone=&#8221;&#8221; align_last_edited=&#8221;on|desktop&#8221; _builder_version=&#8221;4.0.11&#8243; use_border_color=&#8221;off&#8221;]<br \/>\n[\/et_pb_image][et_pb_image src=&#8221;https:\/\/nemery.fr\/wp-content\/uploads\/IMG_0344_redimensionner.jpg&#8221; show_bottom_space=&#8221;off&#8221; align=&#8221;right&#8221; align_tablet=&#8221;center&#8221; align_phone=&#8221;&#8221; align_last_edited=&#8221;on|desktop&#8221; _builder_version=&#8221;4.0.11&#8243; use_border_color=&#8221;off&#8221;]<br \/>\n[\/et_pb_image][\/et_pb_column_inner][\/et_pb_row_inner][\/et_pb_column][\/et_pb_section][et_pb_section fb_built=&#8221;1&#8243; specialty=&#8221;on&#8221; custom_padding_last_edited=&#8221;on|desktop&#8221; parallax_method_1=&#8221;off&#8221; parallax_method_2=&#8221;off&#8221; module_class_1=&#8221;gauche&#8221; module_class=&#8221;presentation salons&#8221; _builder_version=&#8221;3.22&#8243; custom_padding_tablet=&#8221;50px|0|50px|0&#8243; custom_padding_phone=&#8221;&#8221; transparent_background=&#8221;off&#8221; padding_mobile=&#8221;off&#8221; make_fullwidth=&#8221;off&#8221; use_custom_width=&#8221;off&#8221; width_unit=&#8221;on&#8221;][et_pb_column type=&#8221;1_2&#8243; specialty_columns=&#8221;2&#8243; _builder_version=&#8221;3.25&#8243; custom_padding=&#8221;|||&#8221; custom_padding__hover=&#8221;|||&#8221;][et_pb_row_inner column_structure=&#8221;1_2,1_2&#8243; padding_mobile=&#8221;off&#8221; make_equal=&#8221;on&#8221; column_padding_mobile=&#8221;on&#8221; admin_label=&#8221;Ligne&#8221; module_class=&#8221;presentation_img_gauche salon&#8221; _builder_version=&#8221;3.25&#8243;][et_pb_column_inner type=&#8221;1_2&#8243; saved_specialty_column_type=&#8221;1_2&#8243; _builder_version=&#8221;3.25&#8243; custom_padding=&#8221;|||&#8221; custom_padding__hover=&#8221;|||&#8221;][et_pb_image src=&#8221;https:\/\/nemery.fr\/wp-content\/uploads\/SALLE_EXPO-1.jpg&#8221; show_bottom_space=&#8221;off&#8221; align=&#8221;center&#8221; align_tablet=&#8221;center&#8221; align_phone=&#8221;&#8221; align_last_edited=&#8221;on|desktop&#8221; _builder_version=&#8221;3.23&#8243; use_border_color=&#8221;off&#8221;]<br \/>\n[\/et_pb_image][et_pb_image src=&#8221;https:\/\/nemery.fr\/wp-content\/uploads\/SALLE_EXPO-4.jpg&#8221; show_bottom_space=&#8221;off&#8221; align=&#8221;center&#8221; align_tablet=&#8221;center&#8221; align_phone=&#8221;&#8221; align_last_edited=&#8221;on|desktop&#8221; _builder_version=&#8221;3.23&#8243; use_border_color=&#8221;off&#8221;]<br \/>\n[\/et_pb_image][\/et_pb_column_inner][et_pb_column_inner type=&#8221;1_2&#8243; saved_specialty_column_type=&#8221;1_2&#8243; _builder_version=&#8221;3.25&#8243; custom_padding=&#8221;|||&#8221; custom_padding__hover=&#8221;|||&#8221;][et_pb_image src=&#8221;https:\/\/nemery.fr\/wp-content\/uploads\/SALLE_EXPO-2.jpg&#8221; show_bottom_space=&#8221;off&#8221; align=&#8221;center&#8221; align_tablet=&#8221;center&#8221; align_phone=&#8221;&#8221; align_last_edited=&#8221;on|desktop&#8221; _builder_version=&#8221;3.23&#8243; use_border_color=&#8221;off&#8221;]<br \/>\n[\/et_pb_image][et_pb_image src=&#8221;https:\/\/nemery.fr\/wp-content\/uploads\/SALLE_EXPO-3.jpg&#8221; show_bottom_space=&#8221;off&#8221; align=&#8221;center&#8221; align_tablet=&#8221;center&#8221; align_phone=&#8221;&#8221; align_last_edited=&#8221;on|desktop&#8221; _builder_version=&#8221;3.23&#8243; use_border_color=&#8221;off&#8221;]<br \/>\n[\/et_pb_image][\/et_pb_column_inner][\/et_pb_row_inner][\/et_pb_column][et_pb_column type=&#8221;1_2&#8243; _builder_version=&#8221;3.25&#8243; custom_padding=&#8221;|||&#8221; custom_padding__hover=&#8221;|||&#8221;][et_pb_text _builder_version=&#8221;3.27.4&#8243; text_font_size=&#8221;15&#8243; background_size=&#8221;initial&#8221; background_position=&#8221;top_left&#8221; background_repeat=&#8221;repeat&#8221; use_border_color=&#8221;off&#8221; border_color=&#8221;#ffffff&#8221; border_style=&#8221;solid&#8221;]<\/p>\n<div class=\"page\" title=\"Page 1\">\n<div class=\"section\">\n<div class=\"layoutArea\">\n<div class=\"column\">\n<h4>SALLE D\u2019EXPOSITION PERMANENTE DE 400 M\u00b2 A\u0300 TOURS<\/h4>\n<p>Venez nous voir, \u00e7\u00e0 nous fera plaisir.<\/p>\n<p>&nbsp;<\/p>\n<p>Une de\u0301couverte de l\u2019entreprise et de l\u2019ensemble de nos collections est possible sur rendez-vous.<\/p>\n<p>&nbsp;<\/p>\n<p>Nous en profiterons pour vous faire visiter nos ateliers et nos services pour mieux comprendre nos process de production.<\/p>\n<\/div>\n<\/div>\n<\/div>\n<\/div>\n<p>[\/et_pb_text][et_pb_image src=&#8221;https:\/\/nemery.fr\/wp-content\/uploads\/page-salons.jpg&#8221; url=&#8221;\/fr\/nous-trouver\/&#8221; use_overlay=&#8221;on&#8221; overlay_icon_color=&#8221;#e21019&#8243; hover_icon=&#8221;%%51%%&#8221; show_bottom_space=&#8221;off&#8221; align=&#8221;center&#8221; align_tablet=&#8221;center&#8221; align_phone=&#8221;&#8221; align_last_edited=&#8221;on|desktop&#8221; module_class=&#8221;carte carte_salon&#8221; _builder_version=&#8221;3.23&#8243; use_border_color=&#8221;off&#8221; border_color=&#8221;#ffffff&#8221; border_style=&#8221;solid&#8221; animation=&#8221;off&#8221; sticky=&#8221;on&#8221; always_center_on_mobile=&#8221;on&#8221;]<br \/>\n[\/et_pb_image][\/et_pb_column][\/et_pb_section][et_pb_section fb_built=&#8221;1&#8243; specialty=&#8221;on&#8221; custom_padding_last_edited=&#8221;on|desktop&#8221; parallax_method_1=&#8221;off&#8221; parallax_method_2=&#8221;off&#8221; module_class_1=&#8221;droite&#8221; module_class=&#8221;presentation salons&#8221; _builder_version=&#8221;3.22&#8243; custom_padding_tablet=&#8221;50px|0|50px|0&#8243; custom_padding_phone=&#8221;&#8221; transparent_background=&#8221;off&#8221; padding_mobile=&#8221;off&#8221; make_fullwidth=&#8221;off&#8221; use_custom_width=&#8221;off&#8221; width_unit=&#8221;on&#8221;][et_pb_column type=&#8221;1_2&#8243; _builder_version=&#8221;3.25&#8243; custom_padding=&#8221;|||&#8221; custom_padding__hover=&#8221;|||&#8221;][et_pb_text _builder_version=&#8221;4.0.11&#8243; text_font_size=&#8221;15&#8243; background_size=&#8221;initial&#8221; background_position=&#8221;top_left&#8221; background_repeat=&#8221;repeat&#8221;]<\/p>\n<div class=\"page\" title=\"Page 1\">\n<div class=\"section\">\n<div class=\"layoutArea\">\n<div class=\"column\">\n<div class=\"page\" title=\"Page 1\">\n<div class=\"section\">\n<div class=\"layoutArea\">\n<div class=\"column\">\n<h4>MUSEUM CONNECTIONS &#8211; PARIS<br \/>20 &amp; 21 JANVIER 2021<\/h4>\n<p>Nous serons pre\u0301sents au salon international<br \/>des professionnels des muse\u0301es et sites culturels.<\/p>\n<p>&nbsp;<\/p>\n<p>Vous y de\u0301couvrirez toutes nos possibilite\u0301s de personnalisation : impression num\u00e9rique, gravure laser, marquage tampographie, doming, sublimation, d\u00e9coration sur c\u00e9ramique, impression sur textile&#8230;<br \/>Notre \u00e9quipe vous accompagne dans la transformation<br \/>de vos ide\u0301es en objets souvenirs \u00e0 votre image.<\/p>\n<\/div>\n<\/div>\n<\/div>\n<\/div>\n<\/div>\n<\/div>\n<\/div>\n<\/div>\n<p>[\/et_pb_text][\/et_pb_column][et_pb_column type=&#8221;1_2&#8243; specialty_columns=&#8221;2&#8243; _builder_version=&#8221;3.25&#8243; custom_padding=&#8221;|||&#8221; custom_padding__hover=&#8221;|||&#8221;][et_pb_row_inner column_structure=&#8221;1_2,1_2&#8243; padding_mobile=&#8221;off&#8221; column_padding_mobile=&#8221;on&#8221; admin_label=&#8221;Ligne&#8221; module_class=&#8221;presentation_img_droite salon&#8221; _builder_version=&#8221;3.25&#8243;][et_pb_column_inner type=&#8221;1_2&#8243; saved_specialty_column_type=&#8221;1_2&#8243; _builder_version=&#8221;3.25&#8243; custom_padding=&#8221;|||&#8221; custom_padding__hover=&#8221;|||&#8221;][et_pb_image src=&#8221;https:\/\/nemery.fr\/wp-content\/uploads\/IMG_4042_redimensionner.jpg&#8221; show_bottom_space=&#8221;off&#8221; align=&#8221;center&#8221; align_tablet=&#8221;center&#8221; align_phone=&#8221;&#8221; align_last_edited=&#8221;on|desktop&#8221; _builder_version=&#8221;4.0.11&#8243; use_border_color=&#8221;off&#8221; border_color=&#8221;#ffffff&#8221; border_style=&#8221;solid&#8221; animation=&#8221;off&#8221; sticky=&#8221;on&#8221; always_center_on_mobile=&#8221;on&#8221;]<br \/>\n[\/et_pb_image][et_pb_image src=&#8221;https:\/\/nemery.fr\/wp-content\/uploads\/Salons-Produits-GC.jpg&#8221; align=&#8221;center&#8221; align_tablet=&#8221;center&#8221; align_phone=&#8221;&#8221; align_last_edited=&#8221;on|desktop&#8221; _builder_version=&#8221;4.0.11&#8243; border_color_all=&#8221;#ffffff&#8221; use_border_color=&#8221;off&#8221; always_center_on_mobile=&#8221;on&#8221;]<br \/>\n[\/et_pb_image][\/et_pb_column_inner][et_pb_column_inner type=&#8221;1_2&#8243; saved_specialty_column_type=&#8221;1_2&#8243; _builder_version=&#8221;3.25&#8243; custom_padding=&#8221;|||&#8221; custom_padding__hover=&#8221;|||&#8221;][et_pb_image src=&#8221;https:\/\/nemery.fr\/wp-content\/uploads\/Capture.jpg&#8221; show_bottom_space=&#8221;off&#8221; align=&#8221;center&#8221; align_tablet=&#8221;center&#8221; align_phone=&#8221;&#8221; align_last_edited=&#8221;on|desktop&#8221; _builder_version=&#8221;4.0.11&#8243; use_border_color=&#8221;off&#8221; border_color=&#8221;#ffffff&#8221; border_style=&#8221;solid&#8221; animation=&#8221;off&#8221; sticky=&#8221;on&#8221; always_center_on_mobile=&#8221;on&#8221;]<br \/>\n[\/et_pb_image][et_pb_image src=&#8221;https:\/\/nemery.fr\/wp-content\/uploads\/IMG_4043_redimensionner.jpg&#8221; align=&#8221;center&#8221; align_tablet=&#8221;center&#8221; align_phone=&#8221;&#8221; align_last_edited=&#8221;on|desktop&#8221; _builder_version=&#8221;4.0.11&#8243; border_color_all=&#8221;#ffffff&#8221; use_border_color=&#8221;off&#8221; always_center_on_mobile=&#8221;on&#8221;]<br \/>\n[\/et_pb_image][\/et_pb_column_inner][\/et_pb_row_inner][\/et_pb_column][\/et_pb_section][et_pb_section fb_built=&#8221;1&#8243; custom_padding_last_edited=&#8221;on|desktop&#8221; module_class=&#8221;presentation&#8221; _builder_version=&#8221;3.22&#8243; custom_padding_tablet=&#8221;50px|0|50px|0&#8243; custom_padding_phone=&#8221;&#8221; transparent_background=&#8221;off&#8221; padding_mobile=&#8221;off&#8221; make_fullwidth=&#8221;off&#8221; use_custom_width=&#8221;off&#8221; width_unit=&#8221;on&#8221;][et_pb_row column_structure=&#8221;1_3,1_3,1_3&#8243; padding_mobile=&#8221;off&#8221; column_padding_mobile=&#8221;on&#8221; module_class=&#8221;pages_suivantes&#8221; _builder_version=&#8221;3.25&#8243; background_size=&#8221;initial&#8221; background_position=&#8221;top_left&#8221; background_repeat=&#8221;repeat&#8221; make_fullwidth=&#8221;off&#8221; use_custom_width=&#8221;off&#8221; width_unit=&#8221;on&#8221;][et_pb_column type=&#8221;1_3&#8243; _builder_version=&#8221;3.25&#8243; custom_padding=&#8221;|||&#8221; custom_padding__hover=&#8221;|||&#8221;][et_pb_code module_class=&#8221;cube&#8221; _builder_version=&#8221;4.0.11&#8243; hover_enabled=&#8221;0&#8243;]<a class=\"lien entreprise\" href=\"\/fr\/notre-entreprise\/\"> <img loading=\"lazy\" decoding=\"async\" class=\"img_entreprise\" src=\"https:\/\/nemery.fr\/wp-content\/uploads\/btn-entreprise.jpg\" alt=\"entreprise\" width=\"321\" height=\"321\" \/><button class=\"lien_button\">Notre entreprise<\/button><\/a>[\/et_pb_code][\/et_pb_column][et_pb_column type=&#8221;1_3&#8243; _builder_version=&#8221;3.25&#8243; custom_padding=&#8221;|||&#8221; custom_padding__hover=&#8221;|||&#8221;][et_pb_code module_class=&#8221;cube&#8221; _builder_version=&#8221;4.0.11&#8243; hover_enabled=&#8221;0&#8243;]<a href=\"\/fr\/news\/\" class=\"lien news\"> <img loading=\"lazy\" decoding=\"async\" class=\"img_news\" src=\"https:\/\/nemery.fr\/wp-content\/uploads\/btn-news.jpg\" alt=\"news\" width=\"321\" height=\"321\"><button class=\"lien_button\">Notre actualit\u00e9<\/button><\/a>[\/et_pb_code][\/et_pb_column][et_pb_column type=&#8221;1_3&#8243; _builder_version=&#8221;3.25&#8243; custom_padding=&#8221;|||&#8221; custom_padding__hover=&#8221;|||&#8221;][et_pb_code module_class=&#8221;cube&#8221; _builder_version=&#8221;4.0.11&#8243; hover_enabled=&#8221;0&#8243;]<a href=\"\/fr\/contactez-nous\/\" class=\"lien revue\"> <img loading=\"lazy\" decoding=\"async\" class=\"img_images\" src=\"https:\/\/nemery.fr\/wp-content\/uploads\/btn-contact.jpg\" alt=\"images\" width=\"321\" height=\"321\"><button class=\"lien_button\">Contactez nous<\/button><\/a>[\/et_pb_code][\/et_pb_column][\/et_pb_row][\/et_pb_section]<\/p>","protected":false},"excerpt":{"rendered":"<p>[et_pb_section fb_built=&#8221;1&#8243; custom_padding_last_edited=&#8221;on|desktop&#8221; admin_label=&#8221;section&#8221; module_class=&#8221;salons&#8221; _builder_version=&#8221;3.22&#8243; custom_padding_tablet=&#8221;50px|0|50px|0&#8243; custom_padding_phone=&#8221;&#8221; transparent_background=&#8221;off&#8221; padding_mobile=&#8221;off&#8221; make_fullwidth=&#8221;off&#8221; use_custom_width=&#8221;off&#8221; width_unit=&#8221;on&#8221;][et_pb_row admin_label=&#8221;row&#8221; _builder_version=&#8221;3.25&#8243; background_size=&#8221;initial&#8221; background_position=&#8221;top_left&#8221; background_repeat=&#8221;repeat&#8221;][et_pb_column type=&#8221;4_4&#8243; _builder_version=&#8221;3.25&#8243; custom_padding=&#8221;|||&#8221; custom_padding__hover=&#8221;|||&#8221;][et_pb_text admin_label=&#8221;Titre&#8221; module_class=&#8221;titre_page&#8221; _builder_version=&#8221;3.27.4&#8243; background_size=&#8221;initial&#8221; background_position=&#8221;top_left&#8221; background_repeat=&#8221;repeat&#8221; use_border_color=&#8221;off&#8221; border_color=&#8221;#ffffff&#8221; border_style=&#8221;solid&#8221;] Salons [\/et_pb_text][et_pb_text _builder_version=&#8221;3.27.4&#8243; text_font_size=&#8221;15&#8243; background_size=&#8221;initial&#8221; background_position=&#8221;top_left&#8221; background_repeat=&#8221;repeat&#8221; use_border_color=&#8221;off&#8221; border_color=&#8221;#ffffff&#8221; border_style=&#8221;solid&#8221;] Toujours plus proche de vous. [\/et_pb_text][\/et_pb_column][\/et_pb_row][\/et_pb_section][et_pb_section fb_built=&#8221;1&#8243; specialty=&#8221;on&#8221; custom_padding_last_edited=&#8221;on|desktop&#8221; parallax_method_1=&#8221;off&#8221; parallax_method_2=&#8221;off&#8221; module_class_1=&#8221;droite&#8221; module_class=&#8221;presentation salons&#8221; [&hellip;]<\/p>\n","protected":false},"author":1,"featured_media":0,"parent":0,"menu_order":0,"comment_status":"closed","ping_status":"closed","template":"page-template-fullwidth.php","meta":{"_et_pb_use_builder":"on","_et_pb_old_content":"<p>\u00a0<\/p><div id=\"alldebrid_hover\" style=\"display: none; width; 153px; height: 24px; cursor: pointer; position: absolute;\"><img src=\"https:\/\/alldebrid.fr\/lib\/images\/hover2.png\" alt=\"\" \/><\/div><div id=\"alldebrid_hover\" style=\"display: none; width; 153px; height: 24px; cursor: pointer; position: absolute;\"><img src=\"https:\/\/alldebrid.fr\/lib\/images\/hover2.png\" alt=\"\" \/><\/div>","footnotes":""},"_links":{"self":[{"href":"https:\/\/nemery.fr\/en\/wp-json\/wp\/v2\/pages\/1410"}],"collection":[{"href":"https:\/\/nemery.fr\/en\/wp-json\/wp\/v2\/pages"}],"about":[{"href":"https:\/\/nemery.fr\/en\/wp-json\/wp\/v2\/types\/page"}],"author":[{"embeddable":true,"href":"https:\/\/nemery.fr\/en\/wp-json\/wp\/v2\/users\/1"}],"replies":[{"embeddable":true,"href":"https:\/\/nemery.fr\/en\/wp-json\/wp\/v2\/comments?post=1410"}],"version-history":[{"count":43,"href":"https:\/\/nemery.fr\/en\/wp-json\/wp\/v2\/pages\/1410\/revisions"}],"predecessor-version":[{"id":596060,"href":"https:\/\/nemery.fr\/en\/wp-json\/wp\/v2\/pages\/1410\/revisions\/596060"}],"wp:attachment":[{"href":"https:\/\/nemery.fr\/en\/wp-json\/wp\/v2\/media?parent=1410"}],"curies":[{"name":"wp","href":"https:\/\/api.w.org\/{rel}","templated":true}]}}